{"id":362,"date":"2023-01-24T13:45:42","date_gmt":"2023-01-24T13:45:42","guid":{"rendered":"https:\/\/armchairsofabed.com\/?page_id=362"},"modified":"2023-02-15T19:37:37","modified_gmt":"2023-02-15T19:37:37","slug":"bahadir-child-concept-armchair-sofa-bed","status":"publish","type":"page","link":"https:\/\/armchairsofabed.com\/index.php\/bahadir-child-concept-armchair-sofa-bed\/","title":{"rendered":"BAHAD\u0130R CH\u0130LD CONCEPT ARMCHA\u0130R SOFA BED"},"content":{"rendered":"<div id=\"attachment_364\" style=\"width: 849px\" class=\"wp-caption alignnone\"><img loading=\"lazy\" decoding=\"async\" aria-describedby=\"caption-attachment-364\" class=\" wp-image-364\" src=\"https:\/\/armchairsofabed.com\/wp-content\/uploads\/2023\/01\/bahadir-child-concept-armchair-sofa-bed-300x276.jpg\" alt=\"\" width=\"839\" height=\"772\" srcset=\"https:\/\/armchairsofabed.com\/wp-content\/uploads\/2023\/01\/bahadir-child-concept-armchair-sofa-bed-300x276.jpg 300w, https:\/\/armchairsofabed.com\/wp-content\/uploads\/2023\/01\/bahadir-child-concept-armchair-sofa-bed-768x707.jpg 768w, https:\/\/armchairsofabed.com\/wp-content\/uploads\/2023\/01\/bahadir-child-concept-armchair-sofa-bed.jpg 834w\" sizes=\"auto, (max-width: 839px) 100vw, 839px\" \/><p id=\"caption-attachment-364\" class=\"wp-caption-text\">Bahadir Child Concept armchair sofa bed<\/p><\/div>\n<div id=\"attachment_366\" style=\"width: 869px\" class=\"wp-caption alignnone\"><img loading=\"lazy\" decoding=\"async\" aria-describedby=\"caption-attachment-366\" class=\" wp-image-366\" src=\"https:\/\/armchairsofabed.com\/wp-content\/uploads\/2023\/01\/bahadir-child-concept-armchair-sofa-bed-1-300x198.jpg\" alt=\"\" width=\"859\" height=\"567\" srcset=\"https:\/\/armchairsofabed.com\/wp-content\/uploads\/2023\/01\/bahadir-child-concept-armchair-sofa-bed-1-300x198.jpg 300w, https:\/\/armchairsofabed.com\/wp-content\/uploads\/2023\/01\/bahadir-child-concept-armchair-sofa-bed-1-768x508.jpg 768w, https:\/\/armchairsofabed.com\/wp-content\/uploads\/2023\/01\/bahadir-child-concept-armchair-sofa-bed-1.jpg 1024w\" sizes=\"auto, (max-width: 859px) 100vw, 859px\" \/><p id=\"caption-attachment-366\" class=\"wp-caption-text\">Bahadir Child Concept armchair sofa bed<\/p><\/div>\n<div id=\"attachment_367\" style=\"width: 849px\" class=\"wp-caption alignnone\"><img loading=\"lazy\" decoding=\"async\" aria-describedby=\"caption-attachment-367\" class=\" wp-image-367\" src=\"https:\/\/armchairsofabed.com\/wp-content\/uploads\/2023\/01\/bahadir-child-concept-armchair-sofa-bed-2-300x193.jpg\" alt=\"\" width=\"839\" height=\"540\" srcset=\"https:\/\/armchairsofabed.com\/wp-content\/uploads\/2023\/01\/bahadir-child-concept-armchair-sofa-bed-2-300x193.jpg 300w, https:\/\/armchairsofabed.com\/wp-content\/uploads\/2023\/01\/bahadir-child-concept-armchair-sofa-bed-2-768x494.jpg 768w, https:\/\/armchairsofabed.com\/wp-content\/uploads\/2023\/01\/bahadir-child-concept-armchair-sofa-bed-2.jpg 1024w\" sizes=\"auto, (max-width: 839px) 100vw, 839px\" \/><p id=\"caption-attachment-367\" class=\"wp-caption-text\">Bahadir Child Concept armchair sofa bed<\/p><\/div>\n<h2 style=\"text-align: left;\"><strong>Technicial Specifications<\/strong><br \/>\n<strong>Model\u2026\u2026\u2026\u2026\u2026\u2026\u2026\u2026\u2026\u2026\u2026\u2026\u2026\u2026: Bahadir Child Concept Sofa Bed<\/strong><br \/>\n<strong>Height\u2026\u2026\u2026\u2026\u2026\u2026\u2026\u2026\u2026\u2026\u2026\u2026\u2026..: 86 cm<\/strong><br \/>\n<strong>Width\u2026\u2026\u2026\u2026\u2026\u2026\u2026\u2026\u2026\u2026\u2026\u2026\u2026\u2026.: 90 cm<\/strong><br \/>\n<strong>Depth\u2026\u2026\u2026\u2026\u2026\u2026\u2026\u2026\u2026\u2026\u2026\u2026\u2026\u2026.: 100 cm<\/strong><br \/>\n<strong>Color\u2026\u2026\u2026\u2026\u2026\u2026\u2026\u2026\u2026\u2026\u2026\u2026\u2026\u2026..: Optional<\/strong><br \/>\n<strong>Its capacity \u2026\u2026\u2026\u2026\u2026\u2026\u2026\u2026\u2026\u2026\u2026: For one person<\/strong><br \/>\n<strong>Weight\u2026\u2026\u2026\u2026\u2026\u2026\u2026\u2026\u2026\u2026\u2026\u2026\u2026\u2026: 48 kg<\/strong><br \/>\n<strong>Feature\u2026\u2026\u2026\u2026\u2026\u2026\u2026\u2026\u2026\u2026\u2026\u2026\u2026..: Base<\/strong><br \/>\n<strong>Depth of bed when opened\u2026\u2026.: 185 cm<\/strong><br \/>\n<strong>Seating Area Height\u2026\u2026\u2026\u2026\u2026\u2026.: 42 cm<\/strong><br \/>\n<strong>Seating Area\u2026\u2026\u2026\u2026\u2026\u2026\u2026\u2026\u2026\u2026..: 65 cm<\/strong><br \/>\n<strong>Living Area\u2026\u2026\u2026\u2026\u2026\u2026\u2026\u2026\u2026\u2026\u2026..: 57 cm<\/strong><\/h2>\n    <!-- sktbuilder starter --><script type=\"text\/javascript\" src=\"https:\/\/armchairsofabed.com\/wp-content\/plugins\/skt-builder\/sktbuilder\/sktbuilder-frontend-starter.js\"><\/script><script type=\"text\/javascript\" src=\"https:\/\/armchairsofabed.com\/wp-content\/plugins\/skt-builder\/sktbuilder-wordpress-driver.js\"><\/script><script type=\"text\/javascript\"> var starter = new SktbuilderStarter({\"mode\": \"prod\", \"skip\":[\"jquery\",\"underscore\",\"backbone\"],\"sktbuilderUrl\": \"https:\/\/armchairsofabed.com\/wp-content\/plugins\/skt-builder\/sktbuilder\/\", \"driver\": new SktbuilderWordpressDriver({\"ajaxUrl\": \"https:\/\/armchairsofabed.com\/wp-admin\/admin-ajax.php\", \"iframeUrl\": \"https:\/\/armchairsofabed.com\/index.php\/bahadir-child-concept-armchair-sofa-bed\/?sktbuilder=true\", \"pageId\": 362, \"pages\": [], \"page\": \"BAHAD\u0130R CH\u0130LD CONCEPT ARMCHA\u0130R SOFA BED\" }) });<\/script><!-- end sktbuilder starter -->","protected":false},"excerpt":{"rendered":"<p>Technicial Specifications Model\u2026\u2026\u2026\u2026\u2026\u2026\u2026\u2026\u2026\u2026\u2026\u2026\u2026\u2026: Bahadir Child Concept Sofa Bed Height\u2026\u2026\u2026\u2026\u2026\u2026\u2026\u2026\u2026\u2026\u2026\u2026\u2026..: 86 cm Width\u2026\u2026\u2026\u2026\u2026\u2026\u2026\u2026\u2026\u2026\u2026\u2026\u2026\u2026.: 90 cm Depth\u2026\u2026\u2026\u2026\u2026\u2026\u2026\u2026\u2026\u2026\u2026\u2026\u2026\u2026.: 100 cm Color\u2026\u2026\u2026\u2026\u2026\u2026\u2026\u2026\u2026\u2026\u2026\u2026\u2026\u2026..: Optional Its capacity \u2026\u2026\u2026\u2026\u2026\u2026\u2026\u2026\u2026\u2026\u2026: For one person Weight\u2026\u2026\u2026\u2026\u2026\u2026\u2026\u2026\u2026\u2026\u2026\u2026\u2026\u2026: 48 kg Feature\u2026\u2026\u2026\u2026\u2026\u2026\u2026\u2026\u2026\u2026\u2026\u2026\u2026..: Base Depth of bed when opened\u2026\u2026.: 185 cm Seating Area Height\u2026\u2026\u2026\u2026\u2026\u2026.: 42 cm Seating Area\u2026\u2026\u2026\u2026\u2026\u2026\u2026\u2026\u2026\u2026..: 65 cm Living Area\u2026\u2026\u2026\u2026\u2026\u2026\u2026\u2026\u2026\u2026\u2026..: 57 cm<\/p>\n","protected":false},"author":1,"featured_media":364,"parent":0,"menu_order":0,"comment_status":"closed","ping_status":"closed","template":"full-width.php","meta":{"footnotes":""},"class_list":["post-362","page","type-page","status-publish","has-post-thumbnail","hentry"],"yoast_head":"<!-- This site is optimized with the Yoast SEO plugin v20.2.1 - https:\/\/yoast.com\/wordpress\/plugins\/seo\/ -->\n<title>BAHAD\u0130R CH\u0130LD CONCEPT ARMCHA\u0130R SOFA BED - Armchair Sofa Bed<\/title>\n<meta name=\"robots\" content=\"index, follow, max-snippet:-1, max-image-preview:large, max-video-preview:-1\" \/>\n<link rel=\"canonical\" href=\"https:\/\/armchairsofabed.com\/index.php\/armchair-sofa-bed__trashed\/bahadir-child-concept-armchair-sofa-bed\/\" \/>\n<meta property=\"og:locale\" content=\"en_US\" \/>\n<meta property=\"og:type\" content=\"article\" \/>\n<meta property=\"og:title\" content=\"BAHAD\u0130R CH\u0130LD CONCEPT ARMCHA\u0130R SOFA BED - Armchair Sofa Bed\" \/>\n<meta property=\"og:description\" content=\"Technicial Specifications Model\u2026\u2026\u2026\u2026\u2026\u2026\u2026\u2026\u2026\u2026\u2026\u2026\u2026\u2026: Bahadir Child Concept Sofa Bed Height\u2026\u2026\u2026\u2026\u2026\u2026\u2026\u2026\u2026\u2026\u2026\u2026\u2026..: 86 cm Width\u2026\u2026\u2026\u2026\u2026\u2026\u2026\u2026\u2026\u2026\u2026\u2026\u2026\u2026.: 90 cm Depth\u2026\u2026\u2026\u2026\u2026\u2026\u2026\u2026\u2026\u2026\u2026\u2026\u2026\u2026.: 100 cm Color\u2026\u2026\u2026\u2026\u2026\u2026\u2026\u2026\u2026\u2026\u2026\u2026\u2026\u2026..: Optional Its capacity \u2026\u2026\u2026\u2026\u2026\u2026\u2026\u2026\u2026\u2026\u2026: For one person Weight\u2026\u2026\u2026\u2026\u2026\u2026\u2026\u2026\u2026\u2026\u2026\u2026\u2026\u2026: 48 kg Feature\u2026\u2026\u2026\u2026\u2026\u2026\u2026\u2026\u2026\u2026\u2026\u2026\u2026..: Base Depth of bed when opened\u2026\u2026.: 185 cm Seating Area Height\u2026\u2026\u2026\u2026\u2026\u2026.: 42 cm Seating Area\u2026\u2026\u2026\u2026\u2026\u2026\u2026\u2026\u2026\u2026..: 65 cm Living Area\u2026\u2026\u2026\u2026\u2026\u2026\u2026\u2026\u2026\u2026\u2026..: 57 cm\" \/>\n<meta property=\"og:url\" content=\"https:\/\/armchairsofabed.com\/index.php\/armchair-sofa-bed__trashed\/bahadir-child-concept-armchair-sofa-bed\/\" \/>\n<meta property=\"og:site_name\" content=\"Armchair Sofa Bed\" \/>\n<meta property=\"article:modified_time\" content=\"2023-02-15T19:37:37+00:00\" \/>\n<meta property=\"og:image\" content=\"https:\/\/armchairsofabed.com\/wp-content\/uploads\/2023\/01\/bahadir-child-concept-armchair-sofa-bed.jpg\" \/>\n\t<meta property=\"og:image:width\" content=\"834\" \/>\n\t<meta property=\"og:image:height\" content=\"768\" \/>\n\t<meta property=\"og:image:type\" content=\"image\/jpeg\" \/>\n<meta name=\"twitter:card\" content=\"summary_large_image\" \/>\n<script type=\"application\/ld+json\" class=\"yoast-schema-graph\">{\"@context\":\"https:\/\/schema.org\",\"@graph\":[{\"@type\":\"WebPage\",\"@id\":\"https:\/\/armchairsofabed.com\/index.php\/armchair-sofa-bed__trashed\/bahadir-child-concept-armchair-sofa-bed\/\",\"url\":\"https:\/\/armchairsofabed.com\/index.php\/armchair-sofa-bed__trashed\/bahadir-child-concept-armchair-sofa-bed\/\",\"name\":\"BAHAD\u0130R CH\u0130LD CONCEPT ARMCHA\u0130R SOFA BED - Armchair Sofa Bed\",\"isPartOf\":{\"@id\":\"https:\/\/armchairsofabed.com\/#website\"},\"datePublished\":\"2023-01-24T13:45:42+00:00\",\"dateModified\":\"2023-02-15T19:37:37+00:00\",\"breadcrumb\":{\"@id\":\"https:\/\/armchairsofabed.com\/index.php\/armchair-sofa-bed__trashed\/bahadir-child-concept-armchair-sofa-bed\/#breadcrumb\"},\"inLanguage\":\"en-US\",\"potentialAction\":[{\"@type\":\"ReadAction\",\"target\":[\"https:\/\/armchairsofabed.com\/index.php\/armchair-sofa-bed__trashed\/bahadir-child-concept-armchair-sofa-bed\/\"]}]},{\"@type\":\"BreadcrumbList\",\"@id\":\"https:\/\/armchairsofabed.com\/index.php\/armchair-sofa-bed__trashed\/bahadir-child-concept-armchair-sofa-bed\/#breadcrumb\",\"itemListElement\":[{\"@type\":\"ListItem\",\"position\":1,\"name\":\"Home\",\"item\":\"https:\/\/armchairsofabed.com\/\"},{\"@type\":\"ListItem\",\"position\":2,\"name\":\"BAHAD\u0130R CH\u0130LD CONCEPT ARMCHA\u0130R SOFA BED\"}]},{\"@type\":\"WebSite\",\"@id\":\"https:\/\/armchairsofabed.com\/#website\",\"url\":\"https:\/\/armchairsofabed.com\/\",\"name\":\"Armchair Sofa Bed\",\"description\":\"Armchair SofaBed,Single Sofa Bed\",\"potentialAction\":[{\"@type\":\"SearchAction\",\"target\":{\"@type\":\"EntryPoint\",\"urlTemplate\":\"https:\/\/armchairsofabed.com\/?s={search_term_string}\"},\"query-input\":\"required name=search_term_string\"}],\"inLanguage\":\"en-US\"}]}<\/script>\n<!-- \/ Yoast SEO plugin. -->","yoast_head_json":{"title":"BAHAD\u0130R CH\u0130LD CONCEPT ARMCHA\u0130R SOFA BED - Armchair Sofa Bed","robots":{"index":"index","follow":"follow","max-snippet":"max-snippet:-1","max-image-preview":"max-image-preview:large","max-video-preview":"max-video-preview:-1"},"canonical":"https:\/\/armchairsofabed.com\/index.php\/armchair-sofa-bed__trashed\/bahadir-child-concept-armchair-sofa-bed\/","og_locale":"en_US","og_type":"article","og_title":"BAHAD\u0130R CH\u0130LD CONCEPT ARMCHA\u0130R SOFA BED - Armchair Sofa Bed","og_description":"Technicial Specifications Model\u2026\u2026\u2026\u2026\u2026\u2026\u2026\u2026\u2026\u2026\u2026\u2026\u2026\u2026: Bahadir Child Concept Sofa Bed Height\u2026\u2026\u2026\u2026\u2026\u2026\u2026\u2026\u2026\u2026\u2026\u2026\u2026..: 86 cm Width\u2026\u2026\u2026\u2026\u2026\u2026\u2026\u2026\u2026\u2026\u2026\u2026\u2026\u2026.: 90 cm Depth\u2026\u2026\u2026\u2026\u2026\u2026\u2026\u2026\u2026\u2026\u2026\u2026\u2026\u2026.: 100 cm Color\u2026\u2026\u2026\u2026\u2026\u2026\u2026\u2026\u2026\u2026\u2026\u2026\u2026\u2026..: Optional Its capacity \u2026\u2026\u2026\u2026\u2026\u2026\u2026\u2026\u2026\u2026\u2026: For one person Weight\u2026\u2026\u2026\u2026\u2026\u2026\u2026\u2026\u2026\u2026\u2026\u2026\u2026\u2026: 48 kg Feature\u2026\u2026\u2026\u2026\u2026\u2026\u2026\u2026\u2026\u2026\u2026\u2026\u2026..: Base Depth of bed when opened\u2026\u2026.: 185 cm Seating Area Height\u2026\u2026\u2026\u2026\u2026\u2026.: 42 cm Seating Area\u2026\u2026\u2026\u2026\u2026\u2026\u2026\u2026\u2026\u2026..: 65 cm Living Area\u2026\u2026\u2026\u2026\u2026\u2026\u2026\u2026\u2026\u2026\u2026..: 57 cm","og_url":"https:\/\/armchairsofabed.com\/index.php\/armchair-sofa-bed__trashed\/bahadir-child-concept-armchair-sofa-bed\/","og_site_name":"Armchair Sofa Bed","article_modified_time":"2023-02-15T19:37:37+00:00","og_image":[{"width":834,"height":768,"url":"https:\/\/armchairsofabed.com\/wp-content\/uploads\/2023\/01\/bahadir-child-concept-armchair-sofa-bed.jpg","type":"image\/jpeg"}],"twitter_card":"summary_large_image","schema":{"@context":"https:\/\/schema.org","@graph":[{"@type":"WebPage","@id":"https:\/\/armchairsofabed.com\/index.php\/armchair-sofa-bed__trashed\/bahadir-child-concept-armchair-sofa-bed\/","url":"https:\/\/armchairsofabed.com\/index.php\/armchair-sofa-bed__trashed\/bahadir-child-concept-armchair-sofa-bed\/","name":"BAHAD\u0130R CH\u0130LD CONCEPT ARMCHA\u0130R SOFA BED - Armchair Sofa Bed","isPartOf":{"@id":"https:\/\/armchairsofabed.com\/#website"},"datePublished":"2023-01-24T13:45:42+00:00","dateModified":"2023-02-15T19:37:37+00:00","breadcrumb":{"@id":"https:\/\/armchairsofabed.com\/index.php\/armchair-sofa-bed__trashed\/bahadir-child-concept-armchair-sofa-bed\/#breadcrumb"},"inLanguage":"en-US","potentialAction":[{"@type":"ReadAction","target":["https:\/\/armchairsofabed.com\/index.php\/armchair-sofa-bed__trashed\/bahadir-child-concept-armchair-sofa-bed\/"]}]},{"@type":"BreadcrumbList","@id":"https:\/\/armchairsofabed.com\/index.php\/armchair-sofa-bed__trashed\/bahadir-child-concept-armchair-sofa-bed\/#breadcrumb","itemListElement":[{"@type":"ListItem","position":1,"name":"Home","item":"https:\/\/armchairsofabed.com\/"},{"@type":"ListItem","position":2,"name":"BAHAD\u0130R CH\u0130LD CONCEPT ARMCHA\u0130R SOFA BED"}]},{"@type":"WebSite","@id":"https:\/\/armchairsofabed.com\/#website","url":"https:\/\/armchairsofabed.com\/","name":"Armchair Sofa Bed","description":"Armchair SofaBed,Single Sofa Bed","potentialAction":[{"@type":"SearchAction","target":{"@type":"EntryPoint","urlTemplate":"https:\/\/armchairsofabed.com\/?s={search_term_string}"},"query-input":"required name=search_term_string"}],"inLanguage":"en-US"}]}},"_links":{"self":[{"href":"https:\/\/armchairsofabed.com\/index.php\/wp-json\/wp\/v2\/pages\/362","targetHints":{"allow":["GET"]}}],"collection":[{"href":"https:\/\/armchairsofabed.com\/index.php\/wp-json\/wp\/v2\/pages"}],"about":[{"href":"https:\/\/armchairsofabed.com\/index.php\/wp-json\/wp\/v2\/types\/page"}],"author":[{"embeddable":true,"href":"https:\/\/armchairsofabed.com\/index.php\/wp-json\/wp\/v2\/users\/1"}],"replies":[{"embeddable":true,"href":"https:\/\/armchairsofabed.com\/index.php\/wp-json\/wp\/v2\/comments?post=362"}],"version-history":[{"count":4,"href":"https:\/\/armchairsofabed.com\/index.php\/wp-json\/wp\/v2\/pages\/362\/revisions"}],"predecessor-version":[{"id":574,"href":"https:\/\/armchairsofabed.com\/index.php\/wp-json\/wp\/v2\/pages\/362\/revisions\/574"}],"wp:featuredmedia":[{"embeddable":true,"href":"https:\/\/armchairsofabed.com\/index.php\/wp-json\/wp\/v2\/media\/364"}],"wp:attachment":[{"href":"https:\/\/armchairsofabed.com\/index.php\/wp-json\/wp\/v2\/media?parent=362"}],"curies":[{"name":"wp","href":"https:\/\/api.w.org\/{rel}","templated":true}]}}